{"id":5704,"date":"2020-09-11T15:56:27","date_gmt":"2020-09-11T13:56:27","guid":{"rendered":"https:\/\/www.mbetoulon.fr\/?page_id=5704"},"modified":"2020-09-11T16:44:27","modified_gmt":"2020-09-11T14:44:27","slug":"rappel-telephonique","status":"publish","type":"page","link":"https:\/\/www.mbetoulon.fr\/index.php\/rappel-telephonique\/","title":{"rendered":"Rappel T\u00e9l\u00e9phonique"},"content":{"rendered":"\t\t<div data-elementor-type=\"wp-page\" data-elementor-id=\"5704\" class=\"elementor elementor-5704\" data-elementor-settings=\"[]\">\n\t\t\t\t\t\t<div class=\"elementor-inner\">\n\t\t\t\t\t\t\t<div class=\"elementor-section-wrap\">\n\t\t\t\t\t        <section class=\"elementor-section elementor-top-section elementor-element elementor-element-8dfa36f elementor-section-boxed elementor-section-height-default elementor-section-height-default\" data-id=\"8dfa36f\" data-element_type=\"section\">\n            \n                        <div class=\"elementor-container elementor-column-gap-default \">\n                            <div class=\"elementor-row\">\n                    <div class=\"elementor-column elementor-col-50 elementor-top-column elementor-element elementor-element-6ed125d\" data-id=\"6ed125d\" data-element_type=\"column\">\n            <div class=\"elementor-column-wrap elementor-element-populated\">\n                            <div class=\"elementor-widget-wrap\">\n                \t\t<div class=\"elementor-element elementor-element-674f12d elementor-widget elementor-widget-cms_fancy_box\" data-id=\"674f12d\" data-element_type=\"widget\" data-widget_type=\"cms_fancy_box.default\">\n\t\t\t\t<div class=\"elementor-widget-container\">\n\t\t\t<div class=\"cms-fancy-box-layout1\">\r\n    <div class=\"item-content\">\r\n        <h3 class=\"item--title\">\r\n            Notre \u00e9quipe vous rappelle        <\/h3>\r\n        <div class=\"item--description\">Notre \u00e9quipe vous rappelle sur votre t\u00e9l\u00e9phone quand vous le souhaitez. \n\nIl vous suffit de choisir la date \u00e0 laquelle vous souhaitez \u00eatre contact\u00e9 et un membre de notre \u00e9quipe r\u00e9pondra \u00e0 toutes vos questions. \n\nSaisissez votre num\u00e9ro de t\u00e9l\u00e9phone fixe ou portable et nous ferons le n\u00e9cessaire.<\/div>\r\n            <\/div>\r\n<\/div>\t\t<\/div>\n\t\t\t\t<\/div>\n\t\t                <\/div>\n                    <\/div>\n        <\/div>\n                <div class=\"elementor-column elementor-col-50 elementor-top-column elementor-element elementor-element-56a3096\" data-id=\"56a3096\" data-element_type=\"column\" data-settings=\"{&quot;background_background&quot;:&quot;gradient&quot;}\">\n            <div class=\"elementor-column-wrap elementor-element-populated\">\n                            <div class=\"elementor-widget-wrap\">\n                \t\t<div class=\"elementor-element elementor-element-49651e3 elementor-widget elementor-widget-cms_heading\" data-id=\"49651e3\" data-element_type=\"widget\" data-widget_type=\"cms_heading.default\">\n\t\t\t\t<div class=\"elementor-widget-container\">\n\t\t\t<div class=\"cms-heading-wrapper cms-heading-layout1\">\r\n            <div class=\"custom-subheading\">Vous avez une question ? Demandez \u00e0 \u00eatre rappell\u00e9<\/div>\r\n    \r\n        \r\n            <div class=\"custom-heading-description\">Du lundi au vendredi, de 9h00 \u00e0 12h00 et de 13h30 \u00e0 17h30 notre \u00e9quipe vous rappelle.\n\n<\/div>\r\n    <\/div>\t\t<\/div>\n\t\t\t\t<\/div>\n\t\t\t\t<div class=\"elementor-element elementor-element-d20d2a9 elementor-invisible elementor-widget elementor-widget-cms_ctf7\" data-id=\"d20d2a9\" data-element_type=\"widget\" data-settings=\"{&quot;_animation&quot;:&quot;fadeIn&quot;}\" data-widget_type=\"cms_ctf7.default\">\n\t\t\t\t<div class=\"elementor-widget-container\">\n\t\t\t    <div id=\"cms_ctf7-d20d2a9\" class=\"cms-contact-form style1\">\r\n        <div class=\"cms-contact-form-inner\">\r\n        \t            <div role=\"form\" class=\"wpcf7\" id=\"wpcf7-f5700-o1\" lang=\"fr-FR\" dir=\"ltr\">\n<div class=\"screen-reader-response\"><p role=\"status\" aria-live=\"polite\" aria-atomic=\"true\"><\/p> <ul><\/ul><\/div>\n<form action=\"\/index.php\/wp-json\/wp\/v2\/pages\/5704#wpcf7-f5700-o1\" method=\"post\" class=\"wpcf7-form init\" novalidate=\"novalidate\" data-status=\"init\">\n<div style=\"display: none;\">\n<input type=\"hidden\" name=\"_wpcf7\" value=\"5700\" \/>\n<input type=\"hidden\" name=\"_wpcf7_version\" value=\"5.5.1\" \/>\n<input type=\"hidden\" name=\"_wpcf7_locale\" value=\"fr_FR\" \/>\n<input type=\"hidden\" name=\"_wpcf7_unit_tag\" value=\"wpcf7-f5700-o1\" \/>\n<input type=\"hidden\" name=\"_wpcf7_container_post\" value=\"0\" \/>\n<input type=\"hidden\" name=\"_wpcf7_posted_data_hash\" value=\"\" \/>\n<\/div>\n<div class=\"row\"><span class=\"wpcf7-form-control-wrap tel-162\"><input type=\"tel\" name=\"tel-162\" value=\"Entrez votre num\u00e9ro de t\u00e9l\u00e9phone\" size=\"40\" class=\"wpcf7-form-control wpcf7-text wpcf7-tel wpcf7-validates-as-tel\" aria-invalid=\"false\" \/><\/span><\/div>\n<div class=\"row\"><span class=\"wpcf7-form-control-wrap date-631\"><input type=\"date\" name=\"date-631\" value=\"\" class=\"wpcf7-form-control wpcf7-date wpcf7-validates-as-date\" aria-invalid=\"false\" \/><\/span><\/div>\n<div class=\"row\"><input type=\"submit\" value=\"OK\" class=\"wpcf7-form-control has-spinner wpcf7-submit\" \/><\/div><p style=\"display: none !important;\"><label>&#916;<textarea name=\"_wpcf7_ak_hp_textarea\" cols=\"45\" rows=\"8\" maxlength=\"100\"><\/textarea><\/label><input type=\"hidden\" id=\"ak_js_1\" name=\"_wpcf7_ak_js\" value=\"105\"\/><script>document.getElementById( \"ak_js_1\" ).setAttribute( \"value\", ( new Date() ).getTime() );<\/script><\/p><input type='hidden' class='wpcf7-pum' value='{\"closepopup\":false,\"closedelay\":0,\"openpopup\":false,\"openpopup_id\":0}' \/><div class=\"wpcf7-response-output\" aria-hidden=\"true\"><\/div><\/form><\/div>        <\/div>\r\n    <\/div>\r\n\t\t<\/div>\n\t\t\t\t<\/div>\n\t\t                <\/div>\n                    <\/div>\n        <\/div>\n                                <\/div>\n                    <\/div>\n        <\/section>\n        \t\t\t\t<\/div>\n\t\t\t\t\t\t<\/div>\n\t\t\t\t\t<\/div>\n\t\t","protected":false},"excerpt":{"rendered":"<p>Notre \u00e9quipe vous rappelle Notre \u00e9quipe vous rappelle sur votre t\u00e9l\u00e9phone quand vous le souhaitez. Il vous suffit de choisir la date \u00e0 laquelle vous souhaitez \u00eatre contact\u00e9 et un membre de notre \u00e9quipe r\u00e9pondra \u00e0 toutes vos questions. Saisissez votre num\u00e9ro de t\u00e9l\u00e9phone fixe ou portable et nous ferons le n\u00e9cessaire. Vous avez une [&hellip;]<\/p>\n","protected":false},"author":1,"featured_media":0,"parent":0,"menu_order":0,"comment_status":"closed","ping_status":"closed","template":"","meta":{"footnotes":""},"class_list":["post-5704","page","type-page","status-publish","hentry"],"yoast_head":"<!-- This site is optimized with the Yoast SEO plugin v17.3 - https:\/\/yoast.com\/wordpress\/plugins\/seo\/ -->\n<title>Rappel T\u00e9l\u00e9phonique - Mail Boxes Etc. TOULON<\/title>\n<meta name=\"robots\" content=\"index, follow, max-snippet:-1, max-image-preview:large, max-video-preview:-1\" \/>\n<link rel=\"canonical\" href=\"https:\/\/www.mbetoulon.fr\/index.php\/rappel-telephonique\/\" \/>\n<meta property=\"og:locale\" content=\"fr_FR\" \/>\n<meta property=\"og:type\" content=\"article\" \/>\n<meta property=\"og:title\" content=\"Rappel T\u00e9l\u00e9phonique - Mail Boxes Etc. TOULON\" \/>\n<meta property=\"og:description\" content=\"Notre \u00e9quipe vous rappelle Notre \u00e9quipe vous rappelle sur votre t\u00e9l\u00e9phone quand vous le souhaitez. Il vous suffit de choisir la date \u00e0 laquelle vous souhaitez \u00eatre contact\u00e9 et un membre de notre \u00e9quipe r\u00e9pondra \u00e0 toutes vos questions. Saisissez votre num\u00e9ro de t\u00e9l\u00e9phone fixe ou portable et nous ferons le n\u00e9cessaire. Vous avez une [&hellip;]\" \/>\n<meta property=\"og:url\" content=\"https:\/\/www.mbetoulon.fr\/index.php\/rappel-telephonique\/\" \/>\n<meta property=\"og:site_name\" content=\"Mail Boxes Etc. TOULON\" \/>\n<meta property=\"article:modified_time\" content=\"2020-09-11T14:44:27+00:00\" \/>\n<meta name=\"twitter:card\" content=\"summary_large_image\" \/>\n<script type=\"application\/ld+json\" class=\"yoast-schema-graph\">{\"@context\":\"https:\/\/schema.org\",\"@graph\":[{\"@type\":\"WebSite\",\"@id\":\"https:\/\/www.mbetoulon.fr\/#website\",\"url\":\"https:\/\/www.mbetoulon.fr\/\",\"name\":\"Mail Boxes Etc. TOULON\",\"description\":\"exp\\u00e9dition de colis et palette en France et \\u00e0 l&#039;international\",\"potentialAction\":[{\"@type\":\"SearchAction\",\"target\":{\"@type\":\"EntryPoint\",\"urlTemplate\":\"https:\/\/www.mbetoulon.fr\/?s={search_term_string}\"},\"query-input\":\"required name=search_term_string\"}],\"inLanguage\":\"fr-FR\"},{\"@type\":\"WebPage\",\"@id\":\"https:\/\/www.mbetoulon.fr\/index.php\/rappel-telephonique\/#webpage\",\"url\":\"https:\/\/www.mbetoulon.fr\/index.php\/rappel-telephonique\/\",\"name\":\"Rappel T\\u00e9l\\u00e9phonique - Mail Boxes Etc. TOULON\",\"isPartOf\":{\"@id\":\"https:\/\/www.mbetoulon.fr\/#website\"},\"datePublished\":\"2020-09-11T13:56:27+00:00\",\"dateModified\":\"2020-09-11T14:44:27+00:00\",\"breadcrumb\":{\"@id\":\"https:\/\/www.mbetoulon.fr\/index.php\/rappel-telephonique\/#breadcrumb\"},\"inLanguage\":\"fr-FR\",\"potentialAction\":[{\"@type\":\"ReadAction\",\"target\":[\"https:\/\/www.mbetoulon.fr\/index.php\/rappel-telephonique\/\"]}]},{\"@type\":\"BreadcrumbList\",\"@id\":\"https:\/\/www.mbetoulon.fr\/index.php\/rappel-telephonique\/#breadcrumb\",\"itemListElement\":[{\"@type\":\"ListItem\",\"position\":1,\"name\":\"Accueil\",\"item\":\"https:\/\/www.mbetoulon.fr\/\"},{\"@type\":\"ListItem\",\"position\":2,\"name\":\"Rappel T\\u00e9l\\u00e9phonique\"}]}]}<\/script>\n<!-- \/ Yoast SEO plugin. -->","yoast_head_json":{"title":"Rappel T\u00e9l\u00e9phonique - Mail Boxes Etc. TOULON","robots":{"index":"index","follow":"follow","max-snippet":"max-snippet:-1","max-image-preview":"max-image-preview:large","max-video-preview":"max-video-preview:-1"},"canonical":"https:\/\/www.mbetoulon.fr\/index.php\/rappel-telephonique\/","og_locale":"fr_FR","og_type":"article","og_title":"Rappel T\u00e9l\u00e9phonique - Mail Boxes Etc. TOULON","og_description":"Notre \u00e9quipe vous rappelle Notre \u00e9quipe vous rappelle sur votre t\u00e9l\u00e9phone quand vous le souhaitez. Il vous suffit de choisir la date \u00e0 laquelle vous souhaitez \u00eatre contact\u00e9 et un membre de notre \u00e9quipe r\u00e9pondra \u00e0 toutes vos questions. Saisissez votre num\u00e9ro de t\u00e9l\u00e9phone fixe ou portable et nous ferons le n\u00e9cessaire. Vous avez une [&hellip;]","og_url":"https:\/\/www.mbetoulon.fr\/index.php\/rappel-telephonique\/","og_site_name":"Mail Boxes Etc. TOULON","article_modified_time":"2020-09-11T14:44:27+00:00","twitter_card":"summary_large_image","schema":{"@context":"https:\/\/schema.org","@graph":[{"@type":"WebSite","@id":"https:\/\/www.mbetoulon.fr\/#website","url":"https:\/\/www.mbetoulon.fr\/","name":"Mail Boxes Etc. TOULON","description":"exp\u00e9dition de colis et palette en France et \u00e0 l&#039;international","potentialAction":[{"@type":"SearchAction","target":{"@type":"EntryPoint","urlTemplate":"https:\/\/www.mbetoulon.fr\/?s={search_term_string}"},"query-input":"required name=search_term_string"}],"inLanguage":"fr-FR"},{"@type":"WebPage","@id":"https:\/\/www.mbetoulon.fr\/index.php\/rappel-telephonique\/#webpage","url":"https:\/\/www.mbetoulon.fr\/index.php\/rappel-telephonique\/","name":"Rappel T\u00e9l\u00e9phonique - Mail Boxes Etc. TOULON","isPartOf":{"@id":"https:\/\/www.mbetoulon.fr\/#website"},"datePublished":"2020-09-11T13:56:27+00:00","dateModified":"2020-09-11T14:44:27+00:00","breadcrumb":{"@id":"https:\/\/www.mbetoulon.fr\/index.php\/rappel-telephonique\/#breadcrumb"},"inLanguage":"fr-FR","potentialAction":[{"@type":"ReadAction","target":["https:\/\/www.mbetoulon.fr\/index.php\/rappel-telephonique\/"]}]},{"@type":"BreadcrumbList","@id":"https:\/\/www.mbetoulon.fr\/index.php\/rappel-telephonique\/#breadcrumb","itemListElement":[{"@type":"ListItem","position":1,"name":"Accueil","item":"https:\/\/www.mbetoulon.fr\/"},{"@type":"ListItem","position":2,"name":"Rappel T\u00e9l\u00e9phonique"}]}]}},"_links":{"self":[{"href":"https:\/\/www.mbetoulon.fr\/index.php\/wp-json\/wp\/v2\/pages\/5704"}],"collection":[{"href":"https:\/\/www.mbetoulon.fr\/index.php\/wp-json\/wp\/v2\/pages"}],"about":[{"href":"https:\/\/www.mbetoulon.fr\/index.php\/wp-json\/wp\/v2\/types\/page"}],"author":[{"embeddable":true,"href":"https:\/\/www.mbetoulon.fr\/index.php\/wp-json\/wp\/v2\/users\/1"}],"replies":[{"embeddable":true,"href":"https:\/\/www.mbetoulon.fr\/index.php\/wp-json\/wp\/v2\/comments?post=5704"}],"version-history":[{"count":12,"href":"https:\/\/www.mbetoulon.fr\/index.php\/wp-json\/wp\/v2\/pages\/5704\/revisions"}],"predecessor-version":[{"id":6033,"href":"https:\/\/www.mbetoulon.fr\/index.php\/wp-json\/wp\/v2\/pages\/5704\/revisions\/6033"}],"wp:attachment":[{"href":"https:\/\/www.mbetoulon.fr\/index.php\/wp-json\/wp\/v2\/media?parent=5704"}],"curies":[{"name":"wp","href":"https:\/\/api.w.org\/{rel}","templated":true}]}}