{"id":5580,"date":"2020-09-08T14:05:25","date_gmt":"2020-09-08T12:05:25","guid":{"rendered":"https:\/\/www.mbetoulon.fr\/?page_id=5580"},"modified":"2021-10-06T14:58:29","modified_gmt":"2021-10-06T12:58:29","slug":"agence","status":"publish","type":"page","link":"https:\/\/www.mbetoulon.fr\/index.php\/agence\/","title":{"rendered":"Agence MBE TOULON"},"content":{"rendered":"\t\t<div data-elementor-type=\"wp-page\" data-elementor-id=\"5580\" class=\"elementor elementor-5580\" data-elementor-settings=\"[]\">\n\t\t\t\t\t\t<div class=\"elementor-inner\">\n\t\t\t\t\t\t\t<div class=\"elementor-section-wrap\">\n\t\t\t\t\t        <section class=\"elementor-section elementor-top-section elementor-element elementor-element-c63fe52 elementor-section-boxed elementor-section-height-default elementor-section-height-default\" data-id=\"c63fe52\" data-element_type=\"section\">\n            \n                        <div class=\"elementor-container elementor-column-gap-default \">\n                            <div class=\"elementor-row\">\n                    <div class=\"elementor-column elementor-col-100 elementor-top-column elementor-element elementor-element-1487abe\" data-id=\"1487abe\" data-element_type=\"column\">\n            <div class=\"elementor-column-wrap elementor-element-populated\">\n                            <div class=\"elementor-widget-wrap\">\n                \t\t<div class=\"elementor-element elementor-element-bbcf26d elementor-widget elementor-widget-cms_heading\" data-id=\"bbcf26d\" data-element_type=\"widget\" data-widget_type=\"cms_heading.default\">\n\t\t\t\t<div class=\"elementor-widget-container\">\n\t\t\t<div class=\"cms-heading-wrapper cms-heading-layout1\">\r\n    \r\n            <h1 class=\"custom-heading\">\r\n            <span >Mail Boxes Etc. TOULON : votre agence sp\u00e9cialis\u00e9e dans l'emballage et l'exp\u00e9dition de colis et palette<\/span>\r\n        <\/h1>\r\n        \r\n    <\/div>\t\t<\/div>\n\t\t\t\t<\/div>\n\t\t                <\/div>\n                    <\/div>\n        <\/div>\n                                <\/div>\n                    <\/div>\n        <\/section>\n                <section class=\"elementor-section elementor-top-section elementor-element elementor-element-034a779 elementor-section-boxed elementor-section-height-default elementor-section-height-default\" data-id=\"034a779\" data-element_type=\"section\">\n            \n                        <div class=\"elementor-container elementor-column-gap-default \">\n                            <div class=\"elementor-row\">\n                    <div class=\"elementor-column elementor-col-50 elementor-top-column elementor-element elementor-element-917b402\" data-id=\"917b402\" data-element_type=\"column\" data-settings=\"{&quot;background_background&quot;:&quot;classic&quot;}\">\n            <div class=\"elementor-column-wrap elementor-element-populated\">\n                            <div class=\"elementor-widget-wrap\">\n                \t\t<div class=\"elementor-element elementor-element-b001e82 elementor-widget elementor-widget-image\" data-id=\"b001e82\" data-element_type=\"widget\" data-widget_type=\"image.default\">\n\t\t\t\t<div class=\"elementor-widget-container\">\n\t\t\t\t\t<div class=\"elementor-image\">\n\t\t\t\t\t\t\t\t\t\t<img loading=\"lazy\" decoding=\"async\" width=\"569\" height=\"800\" src=\"https:\/\/www.mbetoulon.fr\/wp-content\/uploads\/2020\/09\/notre-metier-mbetoulon.jpg\" class=\"attachment-full size-full\" alt=\"\" srcset=\"https:\/\/www.mbetoulon.fr\/wp-content\/uploads\/2020\/09\/notre-metier-mbetoulon.jpg 569w, https:\/\/www.mbetoulon.fr\/wp-content\/uploads\/2020\/09\/notre-metier-mbetoulon-213x300.jpg 213w\" sizes=\"(max-width: 569px) 100vw, 569px\" \/>\t\t\t\t\t\t\t\t\t\t\t<\/div>\n\t\t\t\t<\/div>\n\t\t\t\t<\/div>\n\t\t                <\/div>\n                    <\/div>\n        <\/div>\n                <div class=\"elementor-column elementor-col-50 elementor-top-column elementor-element elementor-element-dd979e9\" data-id=\"dd979e9\" data-element_type=\"column\" data-settings=\"{&quot;background_background&quot;:&quot;classic&quot;}\">\n            <div class=\"elementor-column-wrap elementor-element-populated\">\n                            <div class=\"elementor-widget-wrap\">\n                \t\t<div class=\"elementor-element elementor-element-e5fb335 elementor-widget elementor-widget-text-editor\" data-id=\"e5fb335\" data-element_type=\"widget\" data-widget_type=\"text-editor.default\">\n\t\t\t\t<div class=\"elementor-widget-container\">\n\t\t\t\t\t<div class=\"elementor-text-editor elementor-clearfix\"><div style=\"font-size: 15px;\"><p>Mail Boxes Etc. TOULON vous accompagne dans vos exp\u00e9ditions de colis et palettes en France et \u00e0 l&rsquo;International.<\/p><p>Quel que soit le volume d&rsquo;envoi que vous nous confiez, nous sommes l\u00e0 et nous vous accompagnons.<\/p><p>Nous sommes affili\u00e9s \u00e0 de nombreux transporteurs capables de couvrir l&rsquo;ensemble de vos demandes : France ou International, livraison aux particuliers, en point relais, en Express, en grande quantit\u00e9, colis de grandes dimensions, besoin d&rsquo;une assurance de forte valeur &#8230;<\/p><p>Notre m\u00e9tier est de faciliter votre quotidien en vous d\u00e9chargeant de l&rsquo;ensemble des t\u00e2ches chronophages relatives \u00e0 vos envois, le tout avec un partenaire de proximit\u00e9 disponible et r\u00e9actif.<\/p><p>Nous sommes une entreprise \u00e0 \u00e9chelle humaine qui conna\u00eet chacun de ses clients et c&rsquo;est pourquoi nous avons la capacit\u00e9 de personnaliser notre service \u00e0 vos attentes.<\/p><p>\u00a0<\/p><\/div><\/div>\n\t\t\t\t<\/div>\n\t\t\t\t<\/div>\n\t\t                <\/div>\n                    <\/div>\n        <\/div>\n                                <\/div>\n                    <\/div>\n        <\/section>\n                <section class=\"elementor-section elementor-top-section elementor-element elementor-element-587c1ae elementor-section-boxed elementor-section-height-default elementor-section-height-default\" data-id=\"587c1ae\" data-element_type=\"section\">\n            \n                        <div class=\"elementor-container elementor-column-gap-default \">\n                            <div class=\"elementor-row\">\n                    <div class=\"elementor-column elementor-col-100 elementor-top-column elementor-element elementor-element-0a8b3b2\" data-id=\"0a8b3b2\" data-element_type=\"column\">\n            <div class=\"elementor-column-wrap elementor-element-populated\">\n                            <div class=\"elementor-widget-wrap\">\n                \t\t<div class=\"elementor-element elementor-element-b7d5cdc elementor-widget elementor-widget-spacer\" data-id=\"b7d5cdc\" data-element_type=\"widget\" data-widget_type=\"spacer.default\">\n\t\t\t\t<div class=\"elementor-widget-container\">\n\t\t\t\t\t<div class=\"elementor-spacer\">\n\t\t\t<div class=\"elementor-spacer-inner\"><\/div>\n\t\t<\/div>\n\t\t\t\t<\/div>\n\t\t\t\t<\/div>\n\t\t                <\/div>\n                    <\/div>\n        <\/div>\n                                <\/div>\n                    <\/div>\n        <\/section>\n                <section class=\"elementor-section elementor-top-section elementor-element elementor-element-570266f elementor-section-boxed elementor-section-height-default elementor-section-height-default\" data-id=\"570266f\" data-element_type=\"section\">\n            \n                        <div class=\"elementor-container elementor-column-gap-default \">\n                            <div class=\"elementor-row\">\n                    <div class=\"elementor-column elementor-col-100 elementor-top-column elementor-element elementor-element-3b4bac7\" data-id=\"3b4bac7\" data-element_type=\"column\" data-settings=\"{&quot;background_background&quot;:&quot;classic&quot;}\">\n            <div class=\"elementor-column-wrap elementor-element-populated\">\n                            <div class=\"elementor-widget-wrap\">\n                \t\t<div class=\"elementor-element elementor-element-8eb6cdc elementor-widget elementor-widget-cms_testimonial_carousel\" data-id=\"8eb6cdc\" data-element_type=\"widget\" data-widget_type=\"cms_testimonial_carousel.default\">\n\t\t\t\t<div class=\"elementor-widget-container\">\n\t\t\t    <div class=\"cms-testimonial-carousel layout1 cms-slick-slider\">\n        <div class=\"cms-testimonial-inner\" dir=\"ltr\">\n            <div class=\"cms-slick-carousel\" data-dir=\"ltr\" data-arrows=\"\" data-dots=\"\" data-pauseOnHover=\"\" data-autoplay=\"\" data-autoplaySpeed=\"\" data-infinite=\"\" data-speed=\"500\" data-slidesToShow=\"1\" data-slidesToShowTablet=\"2\" data-slidesToShowMobile=\"1\" data-slidesToScroll=\"2\" data-slidesToScrollTablet=\"2\" data-slidesToScrollMobile=\"1\">\n                                    <div class=\"slick-slide\">\n                        <div class=\"cms-client-wrapper\">\n                            <div class=\"client-image\">\n                                <img loading=\"lazy\" decoding=\"async\" width=\"150\" height=\"150\" src=\"https:\/\/www.mbetoulon.fr\/wp-content\/uploads\/2020\/09\/gerant-150x150.jpg\" class=\"attachment-thumbnail size-thumbnail\" alt=\"\" srcset=\"https:\/\/www.mbetoulon.fr\/wp-content\/uploads\/2020\/09\/gerant-150x150.jpg 150w, https:\/\/www.mbetoulon.fr\/wp-content\/uploads\/2020\/09\/gerant-768x768.jpg 768w\" sizes=\"(max-width: 150px) 100vw, 150px\" \/>                            <\/div>\n                            <div class=\"client-content\">\n                                <div class=\"client-heading-star\">\n                                                                            <div class=\"client-rating star5\">\n                                            <i class=\"fa fa-star\"><\/i>\n                                            <i class=\"fa fa-star\"><\/i>\n                                            <i class=\"fa fa-star\"><\/i>\n                                            <i class=\"fa fa-star\"><\/i>\n                                            <i class=\"fa fa-star\"><\/i>\n                                        <\/div>\n                                                                    <\/div>\n                                                                    <p class=\"said\">Avant de proposer les services de Mail Boxes Etc. je les ai approuv\u00e9 !\n\nAncien client de la solution MBE, j&#039;ai rapidement vu mes contraintes d&#039;exp\u00e9dition solutionn\u00e9es et mon temps optimis\u00e9.\n\nFort d&#039;un constat simple des PME en constante recherche de gain de productivit\u00e9, les solutions de MBE vous permettront de vous repositionner sur votre coeur de m\u00e9tier.\n\nPour de nombreuses raisons, j&#039;ai d\u00e9cid\u00e9 de mettre \u00e0 votre disposition, \u00e0 c\u00f4t\u00e9 de chez vous \u00e0 la Farl\u00e8de, la force d&#039;un r\u00e9seau International sp\u00e9cialis\u00e9 dans le transport.<\/p>\n                                                                    <div class=\"client-name\">\n                                     <h5 class=\"name-text\">Jeremy B. - responsable d&#039;agence<\/h5>                                 <\/div>\n                                <div class=\"client-job\">\n                                                                    <\/div>\n                            <\/div>\n                        <\/div>\n                    <\/div>\n                            <\/div>\n        <\/div>\n    <\/div>\n\t\t<\/div>\n\t\t\t\t<\/div>\n\t\t                <\/div>\n                    <\/div>\n        <\/div>\n                                <\/div>\n                    <\/div>\n        <\/section>\n        \t\t\t\t<\/div>\n\t\t\t\t\t\t<\/div>\n\t\t\t\t\t<\/div>\n\t\t","protected":false},"excerpt":{"rendered":"<p>Mail Boxes Etc. TOULON : votre agence sp\u00e9cialis\u00e9e dans l&#8217;emballage et l&rsquo;exp\u00e9dition de colis et palette Mail Boxes Etc. TOULON vous accompagne dans vos exp\u00e9ditions de colis et palettes en France et \u00e0 l&rsquo;International. Quel que soit le volume d&rsquo;envoi que vous nous confiez, nous sommes l\u00e0 et nous vous accompagnons. Nous sommes affili\u00e9s \u00e0 [&hellip;]<\/p>\n","protected":false},"author":1,"featured_media":0,"parent":0,"menu_order":0,"comment_status":"closed","ping_status":"closed","template":"","meta":{"footnotes":""},"class_list":["post-5580","page","type-page","status-publish","hentry"],"yoast_head":"<!-- This site is optimized with the Yoast SEO plugin v17.3 - https:\/\/yoast.com\/wordpress\/plugins\/seo\/ -->\n<title>Agence MBE TOULON - Mail Boxes Etc. TOULON<\/title>\n<meta name=\"robots\" content=\"index, follow, max-snippet:-1, max-image-preview:large, max-video-preview:-1\" \/>\n<link rel=\"canonical\" href=\"https:\/\/www.mbetoulon.fr\/index.php\/agence\/\" \/>\n<meta property=\"og:locale\" content=\"fr_FR\" \/>\n<meta property=\"og:type\" content=\"article\" \/>\n<meta property=\"og:title\" content=\"Agence MBE TOULON - Mail Boxes Etc. TOULON\" \/>\n<meta property=\"og:description\" content=\"Mail Boxes Etc. TOULON : votre agence sp\u00e9cialis\u00e9e dans l&#8217;emballage et l&rsquo;exp\u00e9dition de colis et palette Mail Boxes Etc. TOULON vous accompagne dans vos exp\u00e9ditions de colis et palettes en France et \u00e0 l&rsquo;International. Quel que soit le volume d&rsquo;envoi que vous nous confiez, nous sommes l\u00e0 et nous vous accompagnons. Nous sommes affili\u00e9s \u00e0 [&hellip;]\" \/>\n<meta property=\"og:url\" content=\"https:\/\/www.mbetoulon.fr\/index.php\/agence\/\" \/>\n<meta property=\"og:site_name\" content=\"Mail Boxes Etc. TOULON\" \/>\n<meta property=\"article:modified_time\" content=\"2021-10-06T12:58:29+00:00\" \/>\n<meta property=\"og:image\" content=\"https:\/\/www.mbetoulon.fr\/wp-content\/uploads\/2020\/09\/notre-metier-mbetoulon.jpg\" \/>\n<meta name=\"twitter:card\" content=\"summary_large_image\" \/>\n<meta name=\"twitter:label1\" content=\"Dur\u00e9e de lecture estim\u00e9e\" \/>\n\t<meta name=\"twitter:data1\" content=\"1 minute\" \/>\n<script type=\"application\/ld+json\" class=\"yoast-schema-graph\">{\"@context\":\"https:\/\/schema.org\",\"@graph\":[{\"@type\":\"WebSite\",\"@id\":\"https:\/\/www.mbetoulon.fr\/#website\",\"url\":\"https:\/\/www.mbetoulon.fr\/\",\"name\":\"Mail Boxes Etc. TOULON\",\"description\":\"exp\\u00e9dition de colis et palette en France et \\u00e0 l&#039;international\",\"potentialAction\":[{\"@type\":\"SearchAction\",\"target\":{\"@type\":\"EntryPoint\",\"urlTemplate\":\"https:\/\/www.mbetoulon.fr\/?s={search_term_string}\"},\"query-input\":\"required name=search_term_string\"}],\"inLanguage\":\"fr-FR\"},{\"@type\":\"ImageObject\",\"@id\":\"https:\/\/www.mbetoulon.fr\/index.php\/agence\/#primaryimage\",\"inLanguage\":\"fr-FR\",\"url\":\"https:\/\/www.mbetoulon.fr\/wp-content\/uploads\/2020\/09\/notre-metier-mbetoulon.jpg\",\"contentUrl\":\"https:\/\/www.mbetoulon.fr\/wp-content\/uploads\/2020\/09\/notre-metier-mbetoulon.jpg\",\"width\":569,\"height\":800},{\"@type\":\"WebPage\",\"@id\":\"https:\/\/www.mbetoulon.fr\/index.php\/agence\/#webpage\",\"url\":\"https:\/\/www.mbetoulon.fr\/index.php\/agence\/\",\"name\":\"Agence MBE TOULON - Mail Boxes Etc. TOULON\",\"isPartOf\":{\"@id\":\"https:\/\/www.mbetoulon.fr\/#website\"},\"primaryImageOfPage\":{\"@id\":\"https:\/\/www.mbetoulon.fr\/index.php\/agence\/#primaryimage\"},\"datePublished\":\"2020-09-08T12:05:25+00:00\",\"dateModified\":\"2021-10-06T12:58:29+00:00\",\"breadcrumb\":{\"@id\":\"https:\/\/www.mbetoulon.fr\/index.php\/agence\/#breadcrumb\"},\"inLanguage\":\"fr-FR\",\"potentialAction\":[{\"@type\":\"ReadAction\",\"target\":[\"https:\/\/www.mbetoulon.fr\/index.php\/agence\/\"]}]},{\"@type\":\"BreadcrumbList\",\"@id\":\"https:\/\/www.mbetoulon.fr\/index.php\/agence\/#breadcrumb\",\"itemListElement\":[{\"@type\":\"ListItem\",\"position\":1,\"name\":\"Accueil\",\"item\":\"https:\/\/www.mbetoulon.fr\/\"},{\"@type\":\"ListItem\",\"position\":2,\"name\":\"Agence MBE TOULON\"}]}]}<\/script>\n<!-- \/ Yoast SEO plugin. -->","yoast_head_json":{"title":"Agence MBE TOULON - Mail Boxes Etc. TOULON","robots":{"index":"index","follow":"follow","max-snippet":"max-snippet:-1","max-image-preview":"max-image-preview:large","max-video-preview":"max-video-preview:-1"},"canonical":"https:\/\/www.mbetoulon.fr\/index.php\/agence\/","og_locale":"fr_FR","og_type":"article","og_title":"Agence MBE TOULON - Mail Boxes Etc. TOULON","og_description":"Mail Boxes Etc. TOULON : votre agence sp\u00e9cialis\u00e9e dans l&#8217;emballage et l&rsquo;exp\u00e9dition de colis et palette Mail Boxes Etc. TOULON vous accompagne dans vos exp\u00e9ditions de colis et palettes en France et \u00e0 l&rsquo;International. Quel que soit le volume d&rsquo;envoi que vous nous confiez, nous sommes l\u00e0 et nous vous accompagnons. Nous sommes affili\u00e9s \u00e0 [&hellip;]","og_url":"https:\/\/www.mbetoulon.fr\/index.php\/agence\/","og_site_name":"Mail Boxes Etc. TOULON","article_modified_time":"2021-10-06T12:58:29+00:00","og_image":[{"url":"https:\/\/www.mbetoulon.fr\/wp-content\/uploads\/2020\/09\/notre-metier-mbetoulon.jpg"}],"twitter_card":"summary_large_image","twitter_misc":{"Dur\u00e9e de lecture estim\u00e9e":"1 minute"},"schema":{"@context":"https:\/\/schema.org","@graph":[{"@type":"WebSite","@id":"https:\/\/www.mbetoulon.fr\/#website","url":"https:\/\/www.mbetoulon.fr\/","name":"Mail Boxes Etc. TOULON","description":"exp\u00e9dition de colis et palette en France et \u00e0 l&#039;international","potentialAction":[{"@type":"SearchAction","target":{"@type":"EntryPoint","urlTemplate":"https:\/\/www.mbetoulon.fr\/?s={search_term_string}"},"query-input":"required name=search_term_string"}],"inLanguage":"fr-FR"},{"@type":"ImageObject","@id":"https:\/\/www.mbetoulon.fr\/index.php\/agence\/#primaryimage","inLanguage":"fr-FR","url":"https:\/\/www.mbetoulon.fr\/wp-content\/uploads\/2020\/09\/notre-metier-mbetoulon.jpg","contentUrl":"https:\/\/www.mbetoulon.fr\/wp-content\/uploads\/2020\/09\/notre-metier-mbetoulon.jpg","width":569,"height":800},{"@type":"WebPage","@id":"https:\/\/www.mbetoulon.fr\/index.php\/agence\/#webpage","url":"https:\/\/www.mbetoulon.fr\/index.php\/agence\/","name":"Agence MBE TOULON - Mail Boxes Etc. TOULON","isPartOf":{"@id":"https:\/\/www.mbetoulon.fr\/#website"},"primaryImageOfPage":{"@id":"https:\/\/www.mbetoulon.fr\/index.php\/agence\/#primaryimage"},"datePublished":"2020-09-08T12:05:25+00:00","dateModified":"2021-10-06T12:58:29+00:00","breadcrumb":{"@id":"https:\/\/www.mbetoulon.fr\/index.php\/agence\/#breadcrumb"},"inLanguage":"fr-FR","potentialAction":[{"@type":"ReadAction","target":["https:\/\/www.mbetoulon.fr\/index.php\/agence\/"]}]},{"@type":"BreadcrumbList","@id":"https:\/\/www.mbetoulon.fr\/index.php\/agence\/#breadcrumb","itemListElement":[{"@type":"ListItem","position":1,"name":"Accueil","item":"https:\/\/www.mbetoulon.fr\/"},{"@type":"ListItem","position":2,"name":"Agence MBE TOULON"}]}]}},"_links":{"self":[{"href":"https:\/\/www.mbetoulon.fr\/index.php\/wp-json\/wp\/v2\/pages\/5580"}],"collection":[{"href":"https:\/\/www.mbetoulon.fr\/index.php\/wp-json\/wp\/v2\/pages"}],"about":[{"href":"https:\/\/www.mbetoulon.fr\/index.php\/wp-json\/wp\/v2\/types\/page"}],"author":[{"embeddable":true,"href":"https:\/\/www.mbetoulon.fr\/index.php\/wp-json\/wp\/v2\/users\/1"}],"replies":[{"embeddable":true,"href":"https:\/\/www.mbetoulon.fr\/index.php\/wp-json\/wp\/v2\/comments?post=5580"}],"version-history":[{"count":11,"href":"https:\/\/www.mbetoulon.fr\/index.php\/wp-json\/wp\/v2\/pages\/5580\/revisions"}],"predecessor-version":[{"id":5850,"href":"https:\/\/www.mbetoulon.fr\/index.php\/wp-json\/wp\/v2\/pages\/5580\/revisions\/5850"}],"wp:attachment":[{"href":"https:\/\/www.mbetoulon.fr\/index.php\/wp-json\/wp\/v2\/media?parent=5580"}],"curies":[{"name":"wp","href":"https:\/\/api.w.org\/{rel}","templated":true}]}}