{"id":5475,"date":"2020-09-08T09:53:00","date_gmt":"2020-09-08T07:53:00","guid":{"rendered":"https:\/\/www.mbetoulon.fr\/?page_id=5475"},"modified":"2021-10-03T17:30:29","modified_gmt":"2021-10-03T15:30:29","slug":"expedition-colis-palette-toulon","status":"publish","type":"page","link":"https:\/\/www.mbetoulon.fr\/index.php\/expedition-colis-palette-toulon\/","title":{"rendered":"Exp\u00e9dition de colis et palettes en France et \u00e0 l&rsquo;international"},"content":{"rendered":"\t\t<div data-elementor-type=\"wp-page\" data-elementor-id=\"5475\" class=\"elementor elementor-5475\" data-elementor-settings=\"[]\">\n\t\t\t\t\t\t<div class=\"elementor-inner\">\n\t\t\t\t\t\t\t<div class=\"elementor-section-wrap\">\n\t\t\t\t\t        <section class=\"elementor-section elementor-top-section elementor-element elementor-element-fe8c594 elementor-section-boxed elementor-section-height-default elementor-section-height-default\" data-id=\"fe8c594\" data-element_type=\"section\">\n            \n                        <div class=\"elementor-container elementor-column-gap-default \">\n                            <div class=\"elementor-row\">\n                    <div class=\"elementor-column elementor-col-100 elementor-top-column elementor-element elementor-element-1d2cd28\" data-id=\"1d2cd28\" data-element_type=\"column\">\n            <div class=\"elementor-column-wrap elementor-element-populated\">\n                            <div class=\"elementor-widget-wrap\">\n                \t\t<div class=\"elementor-element elementor-element-e215e20 elementor-widget elementor-widget-cms_heading\" data-id=\"e215e20\" data-element_type=\"widget\" data-widget_type=\"cms_heading.default\">\n\t\t\t\t<div class=\"elementor-widget-container\">\n\t\t\t<div class=\"cms-heading-wrapper cms-heading-layout1\">\r\n            <div class=\"custom-subheading\">Exp\u00e9diez partout en France et \u00e0 l&#039;International avec Mail Boxes Etc. TOULON<\/div>\r\n    \r\n            <h2 class=\"custom-heading\">\r\n            <span >Solutions d'exp\u00e9dition de colis et palettes<\/span>\r\n        <\/h2>\r\n        \r\n    <\/div>\t\t<\/div>\n\t\t\t\t<\/div>\n\t\t\t\t<div class=\"elementor-element elementor-element-3781b87 elementor-widget elementor-widget-cms_career_carousel\" data-id=\"3781b87\" data-element_type=\"widget\" data-widget_type=\"cms_career_carousel.default\">\n\t\t\t\t<div class=\"elementor-widget-container\">\n\t\t\t    <div class=\"cms-career-carousel1 cms-slick-slider\">\r\n        <div class=\"cms-carousel-inner\">\r\n            <div class=\"cms-slick-carousel\" data-arrows=\"false\" data-dots=\"false\" data-pauseOnHover=\"false\" data-autoplay=\"false\" data-autoplaySpeed=\"5000\" data-infinite=\"false\" data-speed=\"500\" data-slidesToShow=\"3\" data-slidesToShowTablet=\"2\" data-slidesToShowMobile=\"1\" data-slidesToScroll=\"2\" data-slidesToScrollTablet=\"2\" data-slidesToScrollMobile=\"1\">\r\n                                        <div class=\"slick-slide\">\r\n                            <div class=\"career-inner\">\r\n                                <div class=\"career-meta\">\r\n                                    <span class=\"career-time\"><\/span>\r\n                                    <span class=\"career-address\"><\/span>\r\n                                <\/div>\r\n                                <h3 class=\"career-title\">Exp\u00e9dition France et Monde<\/h3>\r\n                                <div class=\"career-desc\">Notre palette de solutions transport est mise \u00e0 votre disposition pour exp\u00e9dier vos colis et\/ou palettes en France et \u00e0 l&#039;international. \nNous nous chargeons de r\u00e9aliser les bons de transport et le suivi jusqu&#039;\u00e0 destination et intervenons aupr\u00e8s des transporteurs si cela est n\u00e9cessaire.<\/div>\r\n                                <div class=\"career-readmore\">\r\n                                    <a class=\"btn-more\" ><i class=\"fac fac-arrow-right space-right\"><\/i><\/a>\r\n                                <\/div>\r\n                            <\/div>\r\n                        <\/div>\r\n                                        <div class=\"slick-slide\">\r\n                            <div class=\"career-inner\">\r\n                                <div class=\"career-meta\">\r\n                                    <span class=\"career-time\"><\/span>\r\n                                    <span class=\"career-address\"><\/span>\r\n                                <\/div>\r\n                                <h3 class=\"career-title\">Emballage sur mesure<\/h3>\r\n                                <div class=\"career-desc\">Fort de plusieurs ann\u00e9es d&#039;exp\u00e9riences et de nombreuses missions confi\u00e9es par nos clients, notre \u00e9quipe est en mesure de r\u00e9pondre \u00e0 toutes vos demandes d&#039;emballages. Des plus complexes, aux plus fragiles, nous r\u00e9pondons par des solutions d&#039;emballages sur mesure.<\/div>\r\n                                <div class=\"career-readmore\">\r\n                                    <a class=\"btn-more\" ><i class=\"fac fac-arrow-right space-right\"><\/i><\/a>\r\n                                <\/div>\r\n                            <\/div>\r\n                        <\/div>\r\n                                        <div class=\"slick-slide\">\r\n                            <div class=\"career-inner\">\r\n                                <div class=\"career-meta\">\r\n                                    <span class=\"career-time\"><\/span>\r\n                                    <span class=\"career-address\"><\/span>\r\n                                <\/div>\r\n                                <h3 class=\"career-title\">Formalit\u00e9s douani\u00e8res<\/h3>\r\n                                <div class=\"career-desc\">Exp\u00e9dier certains produits \u00e0 l&#039;international comme du vin ou des oeuvres d&#039;art, demandent des comp\u00e9tences ou des agr\u00e9ments sp\u00e9cifiques que nous disposons. Notre \u00e9quipe r\u00e9alise pour vous, l&#039;ensemble des formalit\u00e9s et validation des documents pour la douane.<\/div>\r\n                                <div class=\"career-readmore\">\r\n                                    <a class=\"btn-more\" ><i class=\"fac fac-arrow-right space-right\"><\/i><\/a>\r\n                                <\/div>\r\n                            <\/div>\r\n                        <\/div>\r\n                            <\/div>\r\n        <\/div>\r\n    <\/div>\r\n\t\t<\/div>\n\t\t\t\t<\/div>\n\t\t                <\/div>\n                    <\/div>\n        <\/div>\n                                <\/div>\n                    <\/div>\n        <\/section>\n        \t\t\t\t<\/div>\n\t\t\t\t\t\t<\/div>\n\t\t\t\t\t<\/div>\n\t\t","protected":false},"excerpt":{"rendered":"<p>Exp\u00e9diez partout en France et \u00e0 l&#039;International avec Mail Boxes Etc. TOULON Solutions d&rsquo;exp\u00e9dition de colis et palettes Exp\u00e9dition France et Monde Notre palette de solutions transport est mise \u00e0 votre disposition pour exp\u00e9dier vos colis et\/ou palettes en France et \u00e0 l&#039;international. Nous nous chargeons de r\u00e9aliser les bons de transport et le suivi [&hellip;]<\/p>\n","protected":false},"author":1,"featured_media":0,"parent":0,"menu_order":0,"comment_status":"closed","ping_status":"closed","template":"","meta":{"footnotes":""},"class_list":["post-5475","page","type-page","status-publish","hentry"],"yoast_head":"<!-- This site is optimized with the Yoast SEO plugin v17.3 - https:\/\/yoast.com\/wordpress\/plugins\/seo\/ -->\n<title>Exp\u00e9dition de colis et palettes en France et \u00e0 l&#039;international - Mail Boxes Etc. TOULON<\/title>\n<meta name=\"robots\" content=\"index, follow, max-snippet:-1, max-image-preview:large, max-video-preview:-1\" \/>\n<link rel=\"canonical\" href=\"https:\/\/www.mbetoulon.fr\/index.php\/expedition-colis-palette-toulon\/\" \/>\n<meta property=\"og:locale\" content=\"fr_FR\" \/>\n<meta property=\"og:type\" content=\"article\" \/>\n<meta property=\"og:title\" content=\"Exp\u00e9dition de colis et palettes en France et \u00e0 l&#039;international - Mail Boxes Etc. TOULON\" \/>\n<meta property=\"og:description\" content=\"Exp\u00e9diez partout en France et \u00e0 l&#039;International avec Mail Boxes Etc. TOULON Solutions d&rsquo;exp\u00e9dition de colis et palettes Exp\u00e9dition France et Monde Notre palette de solutions transport est mise \u00e0 votre disposition pour exp\u00e9dier vos colis et\/ou palettes en France et \u00e0 l&#039;international. Nous nous chargeons de r\u00e9aliser les bons de transport et le suivi [&hellip;]\" \/>\n<meta property=\"og:url\" content=\"https:\/\/www.mbetoulon.fr\/index.php\/expedition-colis-palette-toulon\/\" \/>\n<meta property=\"og:site_name\" content=\"Mail Boxes Etc. TOULON\" \/>\n<meta property=\"article:modified_time\" content=\"2021-10-03T15:30:29+00:00\" \/>\n<meta name=\"twitter:card\" content=\"summary_large_image\" \/>\n<meta name=\"twitter:label1\" content=\"Dur\u00e9e de lecture estim\u00e9e\" \/>\n\t<meta name=\"twitter:data1\" content=\"1 minute\" \/>\n<script type=\"application\/ld+json\" class=\"yoast-schema-graph\">{\"@context\":\"https:\/\/schema.org\",\"@graph\":[{\"@type\":\"WebSite\",\"@id\":\"https:\/\/www.mbetoulon.fr\/#website\",\"url\":\"https:\/\/www.mbetoulon.fr\/\",\"name\":\"Mail Boxes Etc. TOULON\",\"description\":\"exp\\u00e9dition de colis et palette en France et \\u00e0 l&#039;international\",\"potentialAction\":[{\"@type\":\"SearchAction\",\"target\":{\"@type\":\"EntryPoint\",\"urlTemplate\":\"https:\/\/www.mbetoulon.fr\/?s={search_term_string}\"},\"query-input\":\"required name=search_term_string\"}],\"inLanguage\":\"fr-FR\"},{\"@type\":\"WebPage\",\"@id\":\"https:\/\/www.mbetoulon.fr\/index.php\/expedition-colis-palette-toulon\/#webpage\",\"url\":\"https:\/\/www.mbetoulon.fr\/index.php\/expedition-colis-palette-toulon\/\",\"name\":\"Exp\\u00e9dition de colis et palettes en France et \\u00e0 l'international - Mail Boxes Etc. TOULON\",\"isPartOf\":{\"@id\":\"https:\/\/www.mbetoulon.fr\/#website\"},\"datePublished\":\"2020-09-08T07:53:00+00:00\",\"dateModified\":\"2021-10-03T15:30:29+00:00\",\"breadcrumb\":{\"@id\":\"https:\/\/www.mbetoulon.fr\/index.php\/expedition-colis-palette-toulon\/#breadcrumb\"},\"inLanguage\":\"fr-FR\",\"potentialAction\":[{\"@type\":\"ReadAction\",\"target\":[\"https:\/\/www.mbetoulon.fr\/index.php\/expedition-colis-palette-toulon\/\"]}]},{\"@type\":\"BreadcrumbList\",\"@id\":\"https:\/\/www.mbetoulon.fr\/index.php\/expedition-colis-palette-toulon\/#breadcrumb\",\"itemListElement\":[{\"@type\":\"ListItem\",\"position\":1,\"name\":\"Accueil\",\"item\":\"https:\/\/www.mbetoulon.fr\/\"},{\"@type\":\"ListItem\",\"position\":2,\"name\":\"Exp\\u00e9dition de colis et palettes en France et \\u00e0 l&#8217;international\"}]}]}<\/script>\n<!-- \/ Yoast SEO plugin. -->","yoast_head_json":{"title":"Exp\u00e9dition de colis et palettes en France et \u00e0 l'international - Mail Boxes Etc. TOULON","robots":{"index":"index","follow":"follow","max-snippet":"max-snippet:-1","max-image-preview":"max-image-preview:large","max-video-preview":"max-video-preview:-1"},"canonical":"https:\/\/www.mbetoulon.fr\/index.php\/expedition-colis-palette-toulon\/","og_locale":"fr_FR","og_type":"article","og_title":"Exp\u00e9dition de colis et palettes en France et \u00e0 l'international - Mail Boxes Etc. TOULON","og_description":"Exp\u00e9diez partout en France et \u00e0 l&#039;International avec Mail Boxes Etc. TOULON Solutions d&rsquo;exp\u00e9dition de colis et palettes Exp\u00e9dition France et Monde Notre palette de solutions transport est mise \u00e0 votre disposition pour exp\u00e9dier vos colis et\/ou palettes en France et \u00e0 l&#039;international. Nous nous chargeons de r\u00e9aliser les bons de transport et le suivi [&hellip;]","og_url":"https:\/\/www.mbetoulon.fr\/index.php\/expedition-colis-palette-toulon\/","og_site_name":"Mail Boxes Etc. TOULON","article_modified_time":"2021-10-03T15:30:29+00:00","twitter_card":"summary_large_image","twitter_misc":{"Dur\u00e9e de lecture estim\u00e9e":"1 minute"},"schema":{"@context":"https:\/\/schema.org","@graph":[{"@type":"WebSite","@id":"https:\/\/www.mbetoulon.fr\/#website","url":"https:\/\/www.mbetoulon.fr\/","name":"Mail Boxes Etc. TOULON","description":"exp\u00e9dition de colis et palette en France et \u00e0 l&#039;international","potentialAction":[{"@type":"SearchAction","target":{"@type":"EntryPoint","urlTemplate":"https:\/\/www.mbetoulon.fr\/?s={search_term_string}"},"query-input":"required name=search_term_string"}],"inLanguage":"fr-FR"},{"@type":"WebPage","@id":"https:\/\/www.mbetoulon.fr\/index.php\/expedition-colis-palette-toulon\/#webpage","url":"https:\/\/www.mbetoulon.fr\/index.php\/expedition-colis-palette-toulon\/","name":"Exp\u00e9dition de colis et palettes en France et \u00e0 l'international - Mail Boxes Etc. TOULON","isPartOf":{"@id":"https:\/\/www.mbetoulon.fr\/#website"},"datePublished":"2020-09-08T07:53:00+00:00","dateModified":"2021-10-03T15:30:29+00:00","breadcrumb":{"@id":"https:\/\/www.mbetoulon.fr\/index.php\/expedition-colis-palette-toulon\/#breadcrumb"},"inLanguage":"fr-FR","potentialAction":[{"@type":"ReadAction","target":["https:\/\/www.mbetoulon.fr\/index.php\/expedition-colis-palette-toulon\/"]}]},{"@type":"BreadcrumbList","@id":"https:\/\/www.mbetoulon.fr\/index.php\/expedition-colis-palette-toulon\/#breadcrumb","itemListElement":[{"@type":"ListItem","position":1,"name":"Accueil","item":"https:\/\/www.mbetoulon.fr\/"},{"@type":"ListItem","position":2,"name":"Exp\u00e9dition de colis et palettes en France et \u00e0 l&#8217;international"}]}]}},"_links":{"self":[{"href":"https:\/\/www.mbetoulon.fr\/index.php\/wp-json\/wp\/v2\/pages\/5475"}],"collection":[{"href":"https:\/\/www.mbetoulon.fr\/index.php\/wp-json\/wp\/v2\/pages"}],"about":[{"href":"https:\/\/www.mbetoulon.fr\/index.php\/wp-json\/wp\/v2\/types\/page"}],"author":[{"embeddable":true,"href":"https:\/\/www.mbetoulon.fr\/index.php\/wp-json\/wp\/v2\/users\/1"}],"replies":[{"embeddable":true,"href":"https:\/\/www.mbetoulon.fr\/index.php\/wp-json\/wp\/v2\/comments?post=5475"}],"version-history":[{"count":11,"href":"https:\/\/www.mbetoulon.fr\/index.php\/wp-json\/wp\/v2\/pages\/5475\/revisions"}],"predecessor-version":[{"id":5829,"href":"https:\/\/www.mbetoulon.fr\/index.php\/wp-json\/wp\/v2\/pages\/5475\/revisions\/5829"}],"wp:attachment":[{"href":"https:\/\/www.mbetoulon.fr\/index.php\/wp-json\/wp\/v2\/media?parent=5475"}],"curies":[{"name":"wp","href":"https:\/\/api.w.org\/{rel}","templated":true}]}}